{"id":2180,"date":"2026-01-15T15:04:23","date_gmt":"2026-01-15T15:04:23","guid":{"rendered":"https:\/\/luzdealba.seoriginaldev.es\/producto\/aceite-de-oliva-virgen-extra-ecologico-royal-de-cazorla-edicion-limitada\/"},"modified":"2026-01-15T15:04:23","modified_gmt":"2026-01-15T15:04:23","slug":"aceite-de-oliva-virgen-extra-ecologico-royal-de-cazorla-edicion-limitada","status":"publish","type":"product","link":"https:\/\/luzdealba.seoriginaldev.es\/en\/producto\/aceite-de-oliva-virgen-extra-ecologico-royal-de-cazorla-edicion-limitada\/","title":{"rendered":"Aceite de Oliva Virgen Extra Ecol\u00f3gico Royal de Cazorla &#8211; Edici\u00f3n Limitada"},"content":{"rendered":"<p><b>Ideal for:<\/b><\/p>\n<p>Perfect for all kinds of salads, cold dishes, fish, baked goods, sauces, and toast.<\/p>\n<p><b>How is it made?<\/b><\/p>\n<p>Our organic olive mill is located just a few meters from the Royal de Cazorla olive trees. Our oil is produced within just a few hours of the olives being harvested, moving from tree to table very quickly so that not a single one of its properties is lost. The oil is cold-pressed using only mechanical methods. In addition, our olives are organic and have been grown with deep respect for the environment.   <\/p>\n<p>Experts say:<\/p>\n<p>Se trata de un aceite de alt\u00edsimo valor y su principal caracter\u00edstica organol\u00e9ptica es el frutado fresco y dulce aroma, sabor suave y nada agresivo al paladar.<\/p>\n<p><b>Enhance the flavor:<\/b><\/p>\n<p>Use it in baked goods, salads, and on toast.<\/p>\n<p><b>It&#8217;s so good because:<\/b><\/p>\n<ul>\n<li>Se elabora a partir de aceitunas de recolecci\u00f3n temprana, procedentes de olivos de la variedad Royal de Cazorla seleccionados en zonas de la Finca cuyo suelo y ubicaci\u00f3n aportan aromas y sabores especiales, dotando al aceite de una personalidad exquisita \u00fanica.<\/li>\n<li>This is a first-press cold-pressed oil.<\/li>\n<li>An oil highly prized by top chefs and consumers alike.<\/li>\n<li>It&#8217;s perfect for the most discerning palates.<\/li>\n<\/ul>\n","protected":false},"excerpt":{"rendered":"<p>La variedad de aceite de oliva virgen extra Royal de Cazorla es especialmente peculiar porque procede de una variedad minoritaria de la Sierra de Cazorla que se ha adaptado perfectamente a nuestra Finca Luz de Alba en Castilla La-Mancha. Tiene motivos de sobra para presumir de ser un aceite \u00fanico, aut\u00e9ntico, suave y elegante. Su sabor es un espect\u00e1culo para el paladar: suave y con elegante amargor, ligero picante, intenso aroma dulce y un frutado fresco evocando la manzana, hierba verde, higo maduro y un agradable olor a almendra.  <\/p>\n","protected":false},"featured_media":1386,"comment_status":"open","ping_status":"closed","template":"","meta":[],"product_brand":[],"product_cat":[44],"product_tag":[],"class_list":{"0":"post-2180","1":"product","2":"type-product","3":"status-publish","4":"has-post-thumbnail","6":"product_cat-limited","8":"first","9":"instock","10":"shipping-taxable","11":"purchasable","12":"product-type-variable"},"yoast_head":"<!-- This site is optimized with the Yoast SEO plugin v27.0 - https:\/\/yoast.com\/product\/yoast-seo-wordpress\/ -->\n<title>Aceite de Oliva Virgen Extra Ecol\u00f3gico Royal de Cazorla - Edici\u00f3n Limitada - Luz de Alba<\/title>\n<meta name=\"robots\" content=\"index, follow, max-snippet:-1, max-image-preview:large, max-video-preview:-1\" \/>\n<link rel=\"canonical\" href=\"https:\/\/luzdealba.seoriginaldev.es\/en\/producto\/aceite-de-oliva-virgen-extra-ecologico-royal-de-cazorla-edicion-limitada\/\" \/>\n<meta property=\"og:locale\" content=\"en_US\" \/>\n<meta property=\"og:type\" content=\"article\" \/>\n<meta property=\"og:title\" content=\"Aceite de Oliva Virgen Extra Ecol\u00f3gico Royal de Cazorla - Edici\u00f3n Limitada - Luz de Alba\" \/>\n<meta property=\"og:description\" content=\"La variedad de aceite de oliva virgen extra Royal de Cazorla es especialmente peculiar porque procede de una variedad minoritaria de la Sierra de Cazorla que se ha adaptado perfectamente a nuestra Finca Luz de Alba en Castilla La-Mancha. Tiene motivos de sobra para presumir de ser un aceite \u00fanico, aut\u00e9ntico, suave y elegante. Su sabor es un espect\u00e1culo para el paladar: suave y con elegante amargor, ligero picante, intenso aroma dulce y un frutado fresco evocando la manzana, hierba verde, higo maduro y un agradable olor a almendra.\" \/>\n<meta property=\"og:url\" content=\"https:\/\/luzdealba.seoriginaldev.es\/en\/producto\/aceite-de-oliva-virgen-extra-ecologico-royal-de-cazorla-edicion-limitada\/\" \/>\n<meta property=\"og:site_name\" content=\"Luz de Alba\" \/>\n<meta property=\"og:image\" content=\"https:\/\/luzdealba.seoriginaldev.es\/wp-content\/uploads\/2026\/01\/4-scaled.png\" \/>\n\t<meta property=\"og:image:width\" content=\"1722\" \/>\n\t<meta property=\"og:image:height\" content=\"2560\" \/>\n\t<meta property=\"og:image:type\" content=\"image\/png\" \/>\n<meta name=\"twitter:card\" content=\"summary_large_image\" \/>\n<meta name=\"twitter:label1\" content=\"Est. reading time\" \/>\n\t<meta name=\"twitter:data1\" content=\"1 minute\" \/>\n<script type=\"application\/ld+json\" class=\"yoast-schema-graph\">{\"@context\":\"https:\/\/schema.org\",\"@graph\":[{\"@type\":\"WebPage\",\"@id\":\"https:\/\/luzdealba.seoriginaldev.es\/en\/producto\/aceite-de-oliva-virgen-extra-ecologico-royal-de-cazorla-edicion-limitada\/\",\"url\":\"https:\/\/luzdealba.seoriginaldev.es\/en\/producto\/aceite-de-oliva-virgen-extra-ecologico-royal-de-cazorla-edicion-limitada\/\",\"name\":\"Aceite de Oliva Virgen Extra Ecol\u00f3gico Royal de Cazorla - Edici\u00f3n Limitada - Luz de Alba\",\"isPartOf\":{\"@id\":\"https:\/\/luzdealba.seoriginaldev.es\/#website\"},\"primaryImageOfPage\":{\"@id\":\"https:\/\/luzdealba.seoriginaldev.es\/en\/producto\/aceite-de-oliva-virgen-extra-ecologico-royal-de-cazorla-edicion-limitada\/#primaryimage\"},\"image\":{\"@id\":\"https:\/\/luzdealba.seoriginaldev.es\/en\/producto\/aceite-de-oliva-virgen-extra-ecologico-royal-de-cazorla-edicion-limitada\/#primaryimage\"},\"thumbnailUrl\":\"https:\/\/luzdealba.seoriginaldev.es\/wp-content\/uploads\/2026\/01\/4-scaled.png\",\"datePublished\":\"2026-01-15T15:04:23+00:00\",\"breadcrumb\":{\"@id\":\"https:\/\/luzdealba.seoriginaldev.es\/en\/producto\/aceite-de-oliva-virgen-extra-ecologico-royal-de-cazorla-edicion-limitada\/#breadcrumb\"},\"inLanguage\":\"en-US\",\"potentialAction\":[{\"@type\":\"ReadAction\",\"target\":[\"https:\/\/luzdealba.seoriginaldev.es\/en\/producto\/aceite-de-oliva-virgen-extra-ecologico-royal-de-cazorla-edicion-limitada\/\"]}]},{\"@type\":\"ImageObject\",\"inLanguage\":\"en-US\",\"@id\":\"https:\/\/luzdealba.seoriginaldev.es\/en\/producto\/aceite-de-oliva-virgen-extra-ecologico-royal-de-cazorla-edicion-limitada\/#primaryimage\",\"url\":\"https:\/\/luzdealba.seoriginaldev.es\/wp-content\/uploads\/2026\/01\/4-scaled.png\",\"contentUrl\":\"https:\/\/luzdealba.seoriginaldev.es\/wp-content\/uploads\/2026\/01\/4-scaled.png\",\"width\":1722,\"height\":2560},{\"@type\":\"BreadcrumbList\",\"@id\":\"https:\/\/luzdealba.seoriginaldev.es\/en\/producto\/aceite-de-oliva-virgen-extra-ecologico-royal-de-cazorla-edicion-limitada\/#breadcrumb\",\"itemListElement\":[{\"@type\":\"ListItem\",\"position\":1,\"name\":\"Portada\",\"item\":\"https:\/\/luzdealba.seoriginaldev.es\/en\/home\/\"},{\"@type\":\"ListItem\",\"position\":2,\"name\":\"Shop\",\"item\":\"https:\/\/luzdealba.seoriginaldev.es\/en\/shop\/\"},{\"@type\":\"ListItem\",\"position\":3,\"name\":\"Aceite de Oliva Virgen Extra Ecol\u00f3gico Royal de Cazorla &#8211; Edici\u00f3n Limitada\"}]},{\"@type\":\"WebSite\",\"@id\":\"https:\/\/luzdealba.seoriginaldev.es\/#website\",\"url\":\"https:\/\/luzdealba.seoriginaldev.es\/\",\"name\":\"Luz de Alba\",\"description\":\"\",\"publisher\":{\"@id\":\"https:\/\/luzdealba.seoriginaldev.es\/#organization\"},\"potentialAction\":[{\"@type\":\"SearchAction\",\"target\":{\"@type\":\"EntryPoint\",\"urlTemplate\":\"https:\/\/luzdealba.seoriginaldev.es\/?s={search_term_string}\"},\"query-input\":{\"@type\":\"PropertyValueSpecification\",\"valueRequired\":true,\"valueName\":\"search_term_string\"}}],\"inLanguage\":\"en-US\"},{\"@type\":\"Organization\",\"@id\":\"https:\/\/luzdealba.seoriginaldev.es\/#organization\",\"name\":\"Luz de Alba\",\"url\":\"https:\/\/luzdealba.seoriginaldev.es\/\",\"logo\":{\"@type\":\"ImageObject\",\"inLanguage\":\"en-US\",\"@id\":\"https:\/\/luzdealba.seoriginaldev.es\/#\/schema\/logo\/image\/\",\"url\":\"https:\/\/luzdealba.seoriginaldev.es\/wp-content\/uploads\/2025\/12\/cropped-COLOR.webp\",\"contentUrl\":\"https:\/\/luzdealba.seoriginaldev.es\/wp-content\/uploads\/2025\/12\/cropped-COLOR.webp\",\"width\":460,\"height\":448,\"caption\":\"Luz de Alba\"},\"image\":{\"@id\":\"https:\/\/luzdealba.seoriginaldev.es\/#\/schema\/logo\/image\/\"}}]}<\/script>\n<!-- \/ Yoast SEO plugin. -->","yoast_head_json":{"title":"Aceite de Oliva Virgen Extra Ecol\u00f3gico Royal de Cazorla - Edici\u00f3n Limitada - Luz de Alba","robots":{"index":"index","follow":"follow","max-snippet":"max-snippet:-1","max-image-preview":"max-image-preview:large","max-video-preview":"max-video-preview:-1"},"canonical":"https:\/\/luzdealba.seoriginaldev.es\/en\/producto\/aceite-de-oliva-virgen-extra-ecologico-royal-de-cazorla-edicion-limitada\/","og_locale":"en_US","og_type":"article","og_title":"Aceite de Oliva Virgen Extra Ecol\u00f3gico Royal de Cazorla - Edici\u00f3n Limitada - Luz de Alba","og_description":"La variedad de aceite de oliva virgen extra Royal de Cazorla es especialmente peculiar porque procede de una variedad minoritaria de la Sierra de Cazorla que se ha adaptado perfectamente a nuestra Finca Luz de Alba en Castilla La-Mancha. Tiene motivos de sobra para presumir de ser un aceite \u00fanico, aut\u00e9ntico, suave y elegante. Su sabor es un espect\u00e1culo para el paladar: suave y con elegante amargor, ligero picante, intenso aroma dulce y un frutado fresco evocando la manzana, hierba verde, higo maduro y un agradable olor a almendra.","og_url":"https:\/\/luzdealba.seoriginaldev.es\/en\/producto\/aceite-de-oliva-virgen-extra-ecologico-royal-de-cazorla-edicion-limitada\/","og_site_name":"Luz de Alba","og_image":[{"width":1722,"height":2560,"url":"https:\/\/luzdealba.seoriginaldev.es\/wp-content\/uploads\/2026\/01\/4-scaled.png","type":"image\/png"}],"twitter_card":"summary_large_image","twitter_misc":{"Est. reading time":"1 minute"},"schema":{"@context":"https:\/\/schema.org","@graph":[{"@type":"WebPage","@id":"https:\/\/luzdealba.seoriginaldev.es\/en\/producto\/aceite-de-oliva-virgen-extra-ecologico-royal-de-cazorla-edicion-limitada\/","url":"https:\/\/luzdealba.seoriginaldev.es\/en\/producto\/aceite-de-oliva-virgen-extra-ecologico-royal-de-cazorla-edicion-limitada\/","name":"Aceite de Oliva Virgen Extra Ecol\u00f3gico Royal de Cazorla - Edici\u00f3n Limitada - Luz de Alba","isPartOf":{"@id":"https:\/\/luzdealba.seoriginaldev.es\/#website"},"primaryImageOfPage":{"@id":"https:\/\/luzdealba.seoriginaldev.es\/en\/producto\/aceite-de-oliva-virgen-extra-ecologico-royal-de-cazorla-edicion-limitada\/#primaryimage"},"image":{"@id":"https:\/\/luzdealba.seoriginaldev.es\/en\/producto\/aceite-de-oliva-virgen-extra-ecologico-royal-de-cazorla-edicion-limitada\/#primaryimage"},"thumbnailUrl":"https:\/\/luzdealba.seoriginaldev.es\/wp-content\/uploads\/2026\/01\/4-scaled.png","datePublished":"2026-01-15T15:04:23+00:00","breadcrumb":{"@id":"https:\/\/luzdealba.seoriginaldev.es\/en\/producto\/aceite-de-oliva-virgen-extra-ecologico-royal-de-cazorla-edicion-limitada\/#breadcrumb"},"inLanguage":"en-US","potentialAction":[{"@type":"ReadAction","target":["https:\/\/luzdealba.seoriginaldev.es\/en\/producto\/aceite-de-oliva-virgen-extra-ecologico-royal-de-cazorla-edicion-limitada\/"]}]},{"@type":"ImageObject","inLanguage":"en-US","@id":"https:\/\/luzdealba.seoriginaldev.es\/en\/producto\/aceite-de-oliva-virgen-extra-ecologico-royal-de-cazorla-edicion-limitada\/#primaryimage","url":"https:\/\/luzdealba.seoriginaldev.es\/wp-content\/uploads\/2026\/01\/4-scaled.png","contentUrl":"https:\/\/luzdealba.seoriginaldev.es\/wp-content\/uploads\/2026\/01\/4-scaled.png","width":1722,"height":2560},{"@type":"BreadcrumbList","@id":"https:\/\/luzdealba.seoriginaldev.es\/en\/producto\/aceite-de-oliva-virgen-extra-ecologico-royal-de-cazorla-edicion-limitada\/#breadcrumb","itemListElement":[{"@type":"ListItem","position":1,"name":"Portada","item":"https:\/\/luzdealba.seoriginaldev.es\/en\/home\/"},{"@type":"ListItem","position":2,"name":"Shop","item":"https:\/\/luzdealba.seoriginaldev.es\/en\/shop\/"},{"@type":"ListItem","position":3,"name":"Aceite de Oliva Virgen Extra Ecol\u00f3gico Royal de Cazorla &#8211; Edici\u00f3n Limitada"}]},{"@type":"WebSite","@id":"https:\/\/luzdealba.seoriginaldev.es\/#website","url":"https:\/\/luzdealba.seoriginaldev.es\/","name":"Luz de Alba","description":"","publisher":{"@id":"https:\/\/luzdealba.seoriginaldev.es\/#organization"},"potentialAction":[{"@type":"SearchAction","target":{"@type":"EntryPoint","urlTemplate":"https:\/\/luzdealba.seoriginaldev.es\/?s={search_term_string}"},"query-input":{"@type":"PropertyValueSpecification","valueRequired":true,"valueName":"search_term_string"}}],"inLanguage":"en-US"},{"@type":"Organization","@id":"https:\/\/luzdealba.seoriginaldev.es\/#organization","name":"Luz de Alba","url":"https:\/\/luzdealba.seoriginaldev.es\/","logo":{"@type":"ImageObject","inLanguage":"en-US","@id":"https:\/\/luzdealba.seoriginaldev.es\/#\/schema\/logo\/image\/","url":"https:\/\/luzdealba.seoriginaldev.es\/wp-content\/uploads\/2025\/12\/cropped-COLOR.webp","contentUrl":"https:\/\/luzdealba.seoriginaldev.es\/wp-content\/uploads\/2025\/12\/cropped-COLOR.webp","width":460,"height":448,"caption":"Luz de Alba"},"image":{"@id":"https:\/\/luzdealba.seoriginaldev.es\/#\/schema\/logo\/image\/"}}]}},"_links":{"self":[{"href":"https:\/\/luzdealba.seoriginaldev.es\/en\/wp-json\/wp\/v2\/product\/2180","targetHints":{"allow":["GET"]}}],"collection":[{"href":"https:\/\/luzdealba.seoriginaldev.es\/en\/wp-json\/wp\/v2\/product"}],"about":[{"href":"https:\/\/luzdealba.seoriginaldev.es\/en\/wp-json\/wp\/v2\/types\/product"}],"replies":[{"embeddable":true,"href":"https:\/\/luzdealba.seoriginaldev.es\/en\/wp-json\/wp\/v2\/comments?post=2180"}],"wp:featuredmedia":[{"embeddable":true,"href":"https:\/\/luzdealba.seoriginaldev.es\/en\/wp-json\/wp\/v2\/media\/1386"}],"wp:attachment":[{"href":"https:\/\/luzdealba.seoriginaldev.es\/en\/wp-json\/wp\/v2\/media?parent=2180"}],"wp:term":[{"taxonomy":"product_brand","embeddable":true,"href":"https:\/\/luzdealba.seoriginaldev.es\/en\/wp-json\/wp\/v2\/product_brand?post=2180"},{"taxonomy":"product_cat","embeddable":true,"href":"https:\/\/luzdealba.seoriginaldev.es\/en\/wp-json\/wp\/v2\/product_cat?post=2180"},{"taxonomy":"product_tag","embeddable":true,"href":"https:\/\/luzdealba.seoriginaldev.es\/en\/wp-json\/wp\/v2\/product_tag?post=2180"}],"curies":[{"name":"wp","href":"https:\/\/api.w.org\/{rel}","templated":true}]}}