{"id":2187,"date":"2026-01-15T15:04:21","date_gmt":"2026-01-15T15:04:21","guid":{"rendered":"https:\/\/luzdealba.seoriginaldev.es\/producto\/aceite-de-oliva-virgen-extra-ecologico-picual-edicion-limitada\/"},"modified":"2026-01-15T15:04:21","modified_gmt":"2026-01-15T15:04:21","slug":"aceite-de-oliva-virgen-extra-ecologico-picual-edicion-limitada","status":"publish","type":"product","link":"https:\/\/luzdealba.seoriginaldev.es\/en\/producto\/aceite-de-oliva-virgen-extra-ecologico-picual-edicion-limitada\/","title":{"rendered":"Aceite de Oliva Virgen Extra Ecol\u00f3gico Picual &#8211; Edici\u00f3n Limitada"},"content":{"rendered":"<p><b>Ideal for:<\/b><\/p>\n<p>Ideal para potenciar el sabor de jamones, cecinas, quesos y todo tipo de embutidos, as\u00ed como para tostadas, preparados crudos y fr\u00edos, ensaladas, adobos, rehogados y fritos.<\/p>\n<p><b>How is it made?<\/b><\/p>\n<p>A tan s\u00f3lo unos metros de los olivos de la variedad Picual est\u00e1 ubicada nuestra Almazara ecol\u00f3gica. En tan s\u00f3lo unas horas desde que las aceitunas son recolectadas es elaborado nuestro aceite, pasando del \u00e1rbol a la mesa muy r\u00e1pidamente, para que no se pierda ni una sola de sus propiedades. La extracci\u00f3n del aceite es en fr\u00edo y \u00fanicamente por procedimientos mec\u00e1nicos. A todo esto se a\u00f1ade que nuestra aceituna es ecol\u00f3gica y ha sido cultivada con un profundo respeto al medioambiente.   <\/p>\n<p>Experts say:<\/p>\n<p>From a physicochemical standpoint, it is excellent due to its fatty acid composition and high content of natural antioxidants.From a physicochemical standpoint, it is excellent due to its fatty acid composition and high content of natural antioxidants.<\/p>\n<p><b>Enhance the flavor:<\/b><\/p>\n<p>When used in a wide variety of recipes, it adds a unique flavor and aroma, while also providing natural antioxidants that improve our health and help prevent disease.<\/p>\n<p><b>It&#8217;s so good because:<\/b><\/p>\n<ul>\n<li>It is made from early-harvested olives grown on Picual olive trees selected from areas of the estate where the soil and location impart special aromas and flavors, giving the oil a unique and exquisite character.<\/li>\n<li>This is a first-press cold-pressed oil.<\/li>\n<li>It is one of the healthiest oils due to its high content of monounsaturated oleic acid and natural antioxidants, which help reduce the risk of cardiovascular disease.<\/li>\n<li>Its high polyphenol content makes it the most stable oil available; as a result, it has a longer shelf life, retains its properties for a long time, and performs exceptionally well when heated in the kitchen.<\/li>\n<\/ul>\n","protected":false},"excerpt":{"rendered":"<p>Picual extra virgin olive oil has a strong, distinctive flavor. It is fruity, with a hint of banana and the scent of freshly cut grass. It has a slight bitterness and spiciness, which give this oil a strong character.  <\/p>\n","protected":false},"featured_media":1383,"comment_status":"open","ping_status":"closed","template":"","meta":[],"product_brand":[],"product_cat":[44],"product_tag":[],"class_list":{"0":"post-2187","1":"product","2":"type-product","3":"status-publish","4":"has-post-thumbnail","6":"product_cat-limited","8":"first","9":"instock","10":"shipping-taxable","11":"purchasable","12":"product-type-variable"},"yoast_head":"<!-- This site is optimized with the Yoast SEO plugin v27.0 - https:\/\/yoast.com\/product\/yoast-seo-wordpress\/ -->\n<title>Aceite de Oliva Virgen Extra Ecol\u00f3gico Picual - Edici\u00f3n Limitada - Luz de Alba<\/title>\n<meta name=\"robots\" content=\"index, follow, max-snippet:-1, max-image-preview:large, max-video-preview:-1\" \/>\n<link rel=\"canonical\" href=\"https:\/\/luzdealba.seoriginaldev.es\/en\/producto\/aceite-de-oliva-virgen-extra-ecologico-picual-edicion-limitada\/\" \/>\n<meta property=\"og:locale\" content=\"en_US\" \/>\n<meta property=\"og:type\" content=\"article\" \/>\n<meta property=\"og:title\" content=\"Aceite de Oliva Virgen Extra Ecol\u00f3gico Picual - Edici\u00f3n Limitada - Luz de Alba\" \/>\n<meta property=\"og:description\" content=\"Picual extra virgin olive oil has a strong, distinctive flavor. It is fruity, with a hint of banana and the scent of freshly cut grass. It has a slight bitterness and spiciness, which give this oil a strong character.\" \/>\n<meta property=\"og:url\" content=\"https:\/\/luzdealba.seoriginaldev.es\/en\/producto\/aceite-de-oliva-virgen-extra-ecologico-picual-edicion-limitada\/\" \/>\n<meta property=\"og:site_name\" content=\"Luz de Alba\" \/>\n<meta property=\"og:image\" content=\"https:\/\/luzdealba.seoriginaldev.es\/wp-content\/uploads\/2026\/01\/5-scaled.png\" \/>\n\t<meta property=\"og:image:width\" content=\"1722\" \/>\n\t<meta property=\"og:image:height\" content=\"2560\" \/>\n\t<meta property=\"og:image:type\" content=\"image\/png\" \/>\n<meta name=\"twitter:card\" content=\"summary_large_image\" \/>\n<meta name=\"twitter:label1\" content=\"Est. reading time\" \/>\n\t<meta name=\"twitter:data1\" content=\"2 minutes\" \/>\n<script type=\"application\/ld+json\" class=\"yoast-schema-graph\">{\"@context\":\"https:\/\/schema.org\",\"@graph\":[{\"@type\":\"WebPage\",\"@id\":\"https:\/\/luzdealba.seoriginaldev.es\/en\/producto\/aceite-de-oliva-virgen-extra-ecologico-picual-edicion-limitada\/\",\"url\":\"https:\/\/luzdealba.seoriginaldev.es\/en\/producto\/aceite-de-oliva-virgen-extra-ecologico-picual-edicion-limitada\/\",\"name\":\"Aceite de Oliva Virgen Extra Ecol\u00f3gico Picual - Edici\u00f3n Limitada - Luz de Alba\",\"isPartOf\":{\"@id\":\"https:\/\/luzdealba.seoriginaldev.es\/#website\"},\"primaryImageOfPage\":{\"@id\":\"https:\/\/luzdealba.seoriginaldev.es\/en\/producto\/aceite-de-oliva-virgen-extra-ecologico-picual-edicion-limitada\/#primaryimage\"},\"image\":{\"@id\":\"https:\/\/luzdealba.seoriginaldev.es\/en\/producto\/aceite-de-oliva-virgen-extra-ecologico-picual-edicion-limitada\/#primaryimage\"},\"thumbnailUrl\":\"https:\/\/luzdealba.seoriginaldev.es\/wp-content\/uploads\/2026\/01\/5-scaled.png\",\"datePublished\":\"2026-01-15T15:04:21+00:00\",\"breadcrumb\":{\"@id\":\"https:\/\/luzdealba.seoriginaldev.es\/en\/producto\/aceite-de-oliva-virgen-extra-ecologico-picual-edicion-limitada\/#breadcrumb\"},\"inLanguage\":\"en-US\",\"potentialAction\":[{\"@type\":\"ReadAction\",\"target\":[\"https:\/\/luzdealba.seoriginaldev.es\/en\/producto\/aceite-de-oliva-virgen-extra-ecologico-picual-edicion-limitada\/\"]}]},{\"@type\":\"ImageObject\",\"inLanguage\":\"en-US\",\"@id\":\"https:\/\/luzdealba.seoriginaldev.es\/en\/producto\/aceite-de-oliva-virgen-extra-ecologico-picual-edicion-limitada\/#primaryimage\",\"url\":\"https:\/\/luzdealba.seoriginaldev.es\/wp-content\/uploads\/2026\/01\/5-scaled.png\",\"contentUrl\":\"https:\/\/luzdealba.seoriginaldev.es\/wp-content\/uploads\/2026\/01\/5-scaled.png\",\"width\":1722,\"height\":2560},{\"@type\":\"BreadcrumbList\",\"@id\":\"https:\/\/luzdealba.seoriginaldev.es\/en\/producto\/aceite-de-oliva-virgen-extra-ecologico-picual-edicion-limitada\/#breadcrumb\",\"itemListElement\":[{\"@type\":\"ListItem\",\"position\":1,\"name\":\"Portada\",\"item\":\"https:\/\/luzdealba.seoriginaldev.es\/en\/home\/\"},{\"@type\":\"ListItem\",\"position\":2,\"name\":\"Shop\",\"item\":\"https:\/\/luzdealba.seoriginaldev.es\/en\/shop\/\"},{\"@type\":\"ListItem\",\"position\":3,\"name\":\"Aceite de Oliva Virgen Extra Ecol\u00f3gico Picual &#8211; Edici\u00f3n Limitada\"}]},{\"@type\":\"WebSite\",\"@id\":\"https:\/\/luzdealba.seoriginaldev.es\/#website\",\"url\":\"https:\/\/luzdealba.seoriginaldev.es\/\",\"name\":\"Luz de Alba\",\"description\":\"\",\"publisher\":{\"@id\":\"https:\/\/luzdealba.seoriginaldev.es\/#organization\"},\"potentialAction\":[{\"@type\":\"SearchAction\",\"target\":{\"@type\":\"EntryPoint\",\"urlTemplate\":\"https:\/\/luzdealba.seoriginaldev.es\/?s={search_term_string}\"},\"query-input\":{\"@type\":\"PropertyValueSpecification\",\"valueRequired\":true,\"valueName\":\"search_term_string\"}}],\"inLanguage\":\"en-US\"},{\"@type\":\"Organization\",\"@id\":\"https:\/\/luzdealba.seoriginaldev.es\/#organization\",\"name\":\"Luz de Alba\",\"url\":\"https:\/\/luzdealba.seoriginaldev.es\/\",\"logo\":{\"@type\":\"ImageObject\",\"inLanguage\":\"en-US\",\"@id\":\"https:\/\/luzdealba.seoriginaldev.es\/#\/schema\/logo\/image\/\",\"url\":\"https:\/\/luzdealba.seoriginaldev.es\/wp-content\/uploads\/2025\/12\/cropped-COLOR.webp\",\"contentUrl\":\"https:\/\/luzdealba.seoriginaldev.es\/wp-content\/uploads\/2025\/12\/cropped-COLOR.webp\",\"width\":460,\"height\":448,\"caption\":\"Luz de Alba\"},\"image\":{\"@id\":\"https:\/\/luzdealba.seoriginaldev.es\/#\/schema\/logo\/image\/\"}}]}<\/script>\n<!-- \/ Yoast SEO plugin. -->","yoast_head_json":{"title":"Aceite de Oliva Virgen Extra Ecol\u00f3gico Picual - Edici\u00f3n Limitada - Luz de Alba","robots":{"index":"index","follow":"follow","max-snippet":"max-snippet:-1","max-image-preview":"max-image-preview:large","max-video-preview":"max-video-preview:-1"},"canonical":"https:\/\/luzdealba.seoriginaldev.es\/en\/producto\/aceite-de-oliva-virgen-extra-ecologico-picual-edicion-limitada\/","og_locale":"en_US","og_type":"article","og_title":"Aceite de Oliva Virgen Extra Ecol\u00f3gico Picual - Edici\u00f3n Limitada - Luz de Alba","og_description":"Picual extra virgin olive oil has a strong, distinctive flavor. It is fruity, with a hint of banana and the scent of freshly cut grass. It has a slight bitterness and spiciness, which give this oil a strong character.","og_url":"https:\/\/luzdealba.seoriginaldev.es\/en\/producto\/aceite-de-oliva-virgen-extra-ecologico-picual-edicion-limitada\/","og_site_name":"Luz de Alba","og_image":[{"width":1722,"height":2560,"url":"https:\/\/luzdealba.seoriginaldev.es\/wp-content\/uploads\/2026\/01\/5-scaled.png","type":"image\/png"}],"twitter_card":"summary_large_image","twitter_misc":{"Est. reading time":"2 minutes"},"schema":{"@context":"https:\/\/schema.org","@graph":[{"@type":"WebPage","@id":"https:\/\/luzdealba.seoriginaldev.es\/en\/producto\/aceite-de-oliva-virgen-extra-ecologico-picual-edicion-limitada\/","url":"https:\/\/luzdealba.seoriginaldev.es\/en\/producto\/aceite-de-oliva-virgen-extra-ecologico-picual-edicion-limitada\/","name":"Aceite de Oliva Virgen Extra Ecol\u00f3gico Picual - Edici\u00f3n Limitada - Luz de Alba","isPartOf":{"@id":"https:\/\/luzdealba.seoriginaldev.es\/#website"},"primaryImageOfPage":{"@id":"https:\/\/luzdealba.seoriginaldev.es\/en\/producto\/aceite-de-oliva-virgen-extra-ecologico-picual-edicion-limitada\/#primaryimage"},"image":{"@id":"https:\/\/luzdealba.seoriginaldev.es\/en\/producto\/aceite-de-oliva-virgen-extra-ecologico-picual-edicion-limitada\/#primaryimage"},"thumbnailUrl":"https:\/\/luzdealba.seoriginaldev.es\/wp-content\/uploads\/2026\/01\/5-scaled.png","datePublished":"2026-01-15T15:04:21+00:00","breadcrumb":{"@id":"https:\/\/luzdealba.seoriginaldev.es\/en\/producto\/aceite-de-oliva-virgen-extra-ecologico-picual-edicion-limitada\/#breadcrumb"},"inLanguage":"en-US","potentialAction":[{"@type":"ReadAction","target":["https:\/\/luzdealba.seoriginaldev.es\/en\/producto\/aceite-de-oliva-virgen-extra-ecologico-picual-edicion-limitada\/"]}]},{"@type":"ImageObject","inLanguage":"en-US","@id":"https:\/\/luzdealba.seoriginaldev.es\/en\/producto\/aceite-de-oliva-virgen-extra-ecologico-picual-edicion-limitada\/#primaryimage","url":"https:\/\/luzdealba.seoriginaldev.es\/wp-content\/uploads\/2026\/01\/5-scaled.png","contentUrl":"https:\/\/luzdealba.seoriginaldev.es\/wp-content\/uploads\/2026\/01\/5-scaled.png","width":1722,"height":2560},{"@type":"BreadcrumbList","@id":"https:\/\/luzdealba.seoriginaldev.es\/en\/producto\/aceite-de-oliva-virgen-extra-ecologico-picual-edicion-limitada\/#breadcrumb","itemListElement":[{"@type":"ListItem","position":1,"name":"Portada","item":"https:\/\/luzdealba.seoriginaldev.es\/en\/home\/"},{"@type":"ListItem","position":2,"name":"Shop","item":"https:\/\/luzdealba.seoriginaldev.es\/en\/shop\/"},{"@type":"ListItem","position":3,"name":"Aceite de Oliva Virgen Extra Ecol\u00f3gico Picual &#8211; Edici\u00f3n Limitada"}]},{"@type":"WebSite","@id":"https:\/\/luzdealba.seoriginaldev.es\/#website","url":"https:\/\/luzdealba.seoriginaldev.es\/","name":"Luz de Alba","description":"","publisher":{"@id":"https:\/\/luzdealba.seoriginaldev.es\/#organization"},"potentialAction":[{"@type":"SearchAction","target":{"@type":"EntryPoint","urlTemplate":"https:\/\/luzdealba.seoriginaldev.es\/?s={search_term_string}"},"query-input":{"@type":"PropertyValueSpecification","valueRequired":true,"valueName":"search_term_string"}}],"inLanguage":"en-US"},{"@type":"Organization","@id":"https:\/\/luzdealba.seoriginaldev.es\/#organization","name":"Luz de Alba","url":"https:\/\/luzdealba.seoriginaldev.es\/","logo":{"@type":"ImageObject","inLanguage":"en-US","@id":"https:\/\/luzdealba.seoriginaldev.es\/#\/schema\/logo\/image\/","url":"https:\/\/luzdealba.seoriginaldev.es\/wp-content\/uploads\/2025\/12\/cropped-COLOR.webp","contentUrl":"https:\/\/luzdealba.seoriginaldev.es\/wp-content\/uploads\/2025\/12\/cropped-COLOR.webp","width":460,"height":448,"caption":"Luz de Alba"},"image":{"@id":"https:\/\/luzdealba.seoriginaldev.es\/#\/schema\/logo\/image\/"}}]}},"_links":{"self":[{"href":"https:\/\/luzdealba.seoriginaldev.es\/en\/wp-json\/wp\/v2\/product\/2187","targetHints":{"allow":["GET"]}}],"collection":[{"href":"https:\/\/luzdealba.seoriginaldev.es\/en\/wp-json\/wp\/v2\/product"}],"about":[{"href":"https:\/\/luzdealba.seoriginaldev.es\/en\/wp-json\/wp\/v2\/types\/product"}],"replies":[{"embeddable":true,"href":"https:\/\/luzdealba.seoriginaldev.es\/en\/wp-json\/wp\/v2\/comments?post=2187"}],"wp:featuredmedia":[{"embeddable":true,"href":"https:\/\/luzdealba.seoriginaldev.es\/en\/wp-json\/wp\/v2\/media\/1383"}],"wp:attachment":[{"href":"https:\/\/luzdealba.seoriginaldev.es\/en\/wp-json\/wp\/v2\/media?parent=2187"}],"wp:term":[{"taxonomy":"product_brand","embeddable":true,"href":"https:\/\/luzdealba.seoriginaldev.es\/en\/wp-json\/wp\/v2\/product_brand?post=2187"},{"taxonomy":"product_cat","embeddable":true,"href":"https:\/\/luzdealba.seoriginaldev.es\/en\/wp-json\/wp\/v2\/product_cat?post=2187"},{"taxonomy":"product_tag","embeddable":true,"href":"https:\/\/luzdealba.seoriginaldev.es\/en\/wp-json\/wp\/v2\/product_tag?post=2187"}],"curies":[{"name":"wp","href":"https:\/\/api.w.org\/{rel}","templated":true}]}}