{"id":2202,"date":"2026-01-15T15:04:21","date_gmt":"2026-01-15T15:04:21","guid":{"rendered":"https:\/\/luzdealba.seoriginaldev.es\/producto\/organic-arbequina-extra-virgin-olive-oil-limited-edition\/"},"modified":"2026-01-15T15:04:21","modified_gmt":"2026-01-15T15:04:21","slug":"organic-arbequina-extra-virgin-olive-oil-limited-edition","status":"publish","type":"product","link":"https:\/\/luzdealba.seoriginaldev.es\/en\/producto\/organic-arbequina-extra-virgin-olive-oil-limited-edition\/","title":{"rendered":"Organic Arbequina Extra Virgin Olive Oil &#8211; Limited Edition"},"content":{"rendered":"<p><b>Ideal for:<\/b><\/p>\n<p>Highly recommended for use with fresh or cooked vegetables, as well as steamed or grilled fish. It is also highly recommended for salads, seafood, marinades, preserves, and emulsions. This oil is ideal for delicate dishes (sauces, pastries, etc.).  <\/p>\n<p><b>How is it made?<\/b><\/p>\n<p>Our organic olive mill is located just a few meters from the Arbequina olive trees. Our oil is produced within just a few hours of the olives being harvested, making its way from the tree to the table very quickly so that none of its properties are lost. The oil is extracted using cold-pressing methods and solely through mechanical processes. In addition to all this, our olives are organic and have been grown with the utmost respect for the environment.<\/p>\n<p>Experts say:<\/p>\n<p>A mild, light, and delicate variety with very little bitterness or heat and no trace of astringency. It has a fresh apple aroma accompanied by a certain smoothness and sweetness that sets it apart, leaving a green almond aftertaste. <\/p>\n<p><b>Enhance the flavor:<\/b><\/p>\n<p>Us\u00e1ndolo en ensaladas, tostadas, reposter\u00eda y pescados.<\/p>\n<p><b>It&#8217;s so good because:<\/b><\/p>\n<ul>\n<li>It is made from early-harvest olives sourced from selected olive trees in areas of the estate where the soil and location impart special aromas and flavors, giving the oil a unique and exquisite character.<\/li>\n<li>This is a first-press cold-pressed oil.<\/li>\n<li>In cooking, it adds flavor without overpowering the other seasonings.<\/li>\n<li>It&#8217;s very versatile and can be used with a wide variety of foods.<\/li>\n<\/ul>\n","protected":false},"excerpt":{"rendered":"<p>Este aceite de oliva virgen extra ecol\u00f3gico procedente de la variedad Arbequina est\u00e1 repleto de aromas, matices y sabores. Aceite ligero, frutado, dulce, de textura delicada, con cierto aroma ex\u00f3tico, fresco, suave y ofrece un toque de manzana y almendra muy agradable. <\/p>\n","protected":false},"featured_media":1385,"comment_status":"open","ping_status":"closed","template":"","meta":[],"product_brand":[],"product_cat":[44],"product_tag":[],"class_list":{"0":"post-2202","1":"product","2":"type-product","3":"status-publish","4":"has-post-thumbnail","6":"product_cat-limited","8":"first","9":"instock","10":"shipping-taxable","11":"purchasable","12":"product-type-variable"},"yoast_head":"<!-- This site is optimized with the Yoast SEO plugin v27.0 - https:\/\/yoast.com\/product\/yoast-seo-wordpress\/ -->\n<title>Organic Arbequina Extra Virgin Olive Oil - Limited Edition - Luz de Alba<\/title>\n<meta name=\"robots\" content=\"index, follow, max-snippet:-1, max-image-preview:large, max-video-preview:-1\" \/>\n<link rel=\"canonical\" href=\"https:\/\/luzdealba.seoriginaldev.es\/en\/producto\/organic-arbequina-extra-virgin-olive-oil-limited-edition\/\" \/>\n<meta property=\"og:locale\" content=\"en_US\" \/>\n<meta property=\"og:type\" content=\"article\" \/>\n<meta property=\"og:title\" content=\"Organic Arbequina Extra Virgin Olive Oil - Limited Edition - Luz de Alba\" \/>\n<meta property=\"og:description\" content=\"Este aceite de oliva virgen extra ecol\u00f3gico procedente de la variedad Arbequina est\u00e1 repleto de aromas, matices y sabores. Aceite ligero, frutado, dulce, de textura delicada, con cierto aroma ex\u00f3tico, fresco, suave y ofrece un toque de manzana y almendra muy agradable.\" \/>\n<meta property=\"og:url\" content=\"https:\/\/luzdealba.seoriginaldev.es\/en\/producto\/organic-arbequina-extra-virgin-olive-oil-limited-edition\/\" \/>\n<meta property=\"og:site_name\" content=\"Luz de Alba\" \/>\n<meta property=\"og:image\" content=\"https:\/\/luzdealba.seoriginaldev.es\/wp-content\/uploads\/2026\/01\/7-scaled.png\" \/>\n\t<meta property=\"og:image:width\" content=\"1722\" \/>\n\t<meta property=\"og:image:height\" content=\"2560\" \/>\n\t<meta property=\"og:image:type\" content=\"image\/png\" \/>\n<meta name=\"twitter:card\" content=\"summary_large_image\" \/>\n<meta name=\"twitter:label1\" content=\"Est. reading time\" \/>\n\t<meta name=\"twitter:data1\" content=\"1 minute\" \/>\n<script type=\"application\/ld+json\" class=\"yoast-schema-graph\">{\"@context\":\"https:\/\/schema.org\",\"@graph\":[{\"@type\":\"WebPage\",\"@id\":\"https:\/\/luzdealba.seoriginaldev.es\/en\/producto\/organic-arbequina-extra-virgin-olive-oil-limited-edition\/\",\"url\":\"https:\/\/luzdealba.seoriginaldev.es\/en\/producto\/organic-arbequina-extra-virgin-olive-oil-limited-edition\/\",\"name\":\"Organic Arbequina Extra Virgin Olive Oil - Limited Edition - Luz de Alba\",\"isPartOf\":{\"@id\":\"https:\/\/luzdealba.seoriginaldev.es\/#website\"},\"primaryImageOfPage\":{\"@id\":\"https:\/\/luzdealba.seoriginaldev.es\/en\/producto\/organic-arbequina-extra-virgin-olive-oil-limited-edition\/#primaryimage\"},\"image\":{\"@id\":\"https:\/\/luzdealba.seoriginaldev.es\/en\/producto\/organic-arbequina-extra-virgin-olive-oil-limited-edition\/#primaryimage\"},\"thumbnailUrl\":\"https:\/\/luzdealba.seoriginaldev.es\/wp-content\/uploads\/2026\/01\/7-scaled.png\",\"datePublished\":\"2026-01-15T15:04:21+00:00\",\"breadcrumb\":{\"@id\":\"https:\/\/luzdealba.seoriginaldev.es\/en\/producto\/organic-arbequina-extra-virgin-olive-oil-limited-edition\/#breadcrumb\"},\"inLanguage\":\"en-US\",\"potentialAction\":[{\"@type\":\"ReadAction\",\"target\":[\"https:\/\/luzdealba.seoriginaldev.es\/en\/producto\/organic-arbequina-extra-virgin-olive-oil-limited-edition\/\"]}]},{\"@type\":\"ImageObject\",\"inLanguage\":\"en-US\",\"@id\":\"https:\/\/luzdealba.seoriginaldev.es\/en\/producto\/organic-arbequina-extra-virgin-olive-oil-limited-edition\/#primaryimage\",\"url\":\"https:\/\/luzdealba.seoriginaldev.es\/wp-content\/uploads\/2026\/01\/7-scaled.png\",\"contentUrl\":\"https:\/\/luzdealba.seoriginaldev.es\/wp-content\/uploads\/2026\/01\/7-scaled.png\",\"width\":1722,\"height\":2560},{\"@type\":\"BreadcrumbList\",\"@id\":\"https:\/\/luzdealba.seoriginaldev.es\/en\/producto\/organic-arbequina-extra-virgin-olive-oil-limited-edition\/#breadcrumb\",\"itemListElement\":[{\"@type\":\"ListItem\",\"position\":1,\"name\":\"Portada\",\"item\":\"https:\/\/luzdealba.seoriginaldev.es\/en\/home\/\"},{\"@type\":\"ListItem\",\"position\":2,\"name\":\"Shop\",\"item\":\"https:\/\/luzdealba.seoriginaldev.es\/en\/shop\/\"},{\"@type\":\"ListItem\",\"position\":3,\"name\":\"Organic Arbequina Extra Virgin Olive Oil &#8211; Limited Edition\"}]},{\"@type\":\"WebSite\",\"@id\":\"https:\/\/luzdealba.seoriginaldev.es\/#website\",\"url\":\"https:\/\/luzdealba.seoriginaldev.es\/\",\"name\":\"Luz de Alba\",\"description\":\"\",\"publisher\":{\"@id\":\"https:\/\/luzdealba.seoriginaldev.es\/#organization\"},\"potentialAction\":[{\"@type\":\"SearchAction\",\"target\":{\"@type\":\"EntryPoint\",\"urlTemplate\":\"https:\/\/luzdealba.seoriginaldev.es\/?s={search_term_string}\"},\"query-input\":{\"@type\":\"PropertyValueSpecification\",\"valueRequired\":true,\"valueName\":\"search_term_string\"}}],\"inLanguage\":\"en-US\"},{\"@type\":\"Organization\",\"@id\":\"https:\/\/luzdealba.seoriginaldev.es\/#organization\",\"name\":\"Luz de Alba\",\"url\":\"https:\/\/luzdealba.seoriginaldev.es\/\",\"logo\":{\"@type\":\"ImageObject\",\"inLanguage\":\"en-US\",\"@id\":\"https:\/\/luzdealba.seoriginaldev.es\/#\/schema\/logo\/image\/\",\"url\":\"https:\/\/luzdealba.seoriginaldev.es\/wp-content\/uploads\/2025\/12\/cropped-COLOR.webp\",\"contentUrl\":\"https:\/\/luzdealba.seoriginaldev.es\/wp-content\/uploads\/2025\/12\/cropped-COLOR.webp\",\"width\":460,\"height\":448,\"caption\":\"Luz de Alba\"},\"image\":{\"@id\":\"https:\/\/luzdealba.seoriginaldev.es\/#\/schema\/logo\/image\/\"}}]}<\/script>\n<!-- \/ Yoast SEO plugin. -->","yoast_head_json":{"title":"Organic Arbequina Extra Virgin Olive Oil - Limited Edition - Luz de Alba","robots":{"index":"index","follow":"follow","max-snippet":"max-snippet:-1","max-image-preview":"max-image-preview:large","max-video-preview":"max-video-preview:-1"},"canonical":"https:\/\/luzdealba.seoriginaldev.es\/en\/producto\/organic-arbequina-extra-virgin-olive-oil-limited-edition\/","og_locale":"en_US","og_type":"article","og_title":"Organic Arbequina Extra Virgin Olive Oil - Limited Edition - Luz de Alba","og_description":"Este aceite de oliva virgen extra ecol\u00f3gico procedente de la variedad Arbequina est\u00e1 repleto de aromas, matices y sabores. Aceite ligero, frutado, dulce, de textura delicada, con cierto aroma ex\u00f3tico, fresco, suave y ofrece un toque de manzana y almendra muy agradable.","og_url":"https:\/\/luzdealba.seoriginaldev.es\/en\/producto\/organic-arbequina-extra-virgin-olive-oil-limited-edition\/","og_site_name":"Luz de Alba","og_image":[{"width":1722,"height":2560,"url":"https:\/\/luzdealba.seoriginaldev.es\/wp-content\/uploads\/2026\/01\/7-scaled.png","type":"image\/png"}],"twitter_card":"summary_large_image","twitter_misc":{"Est. reading time":"1 minute"},"schema":{"@context":"https:\/\/schema.org","@graph":[{"@type":"WebPage","@id":"https:\/\/luzdealba.seoriginaldev.es\/en\/producto\/organic-arbequina-extra-virgin-olive-oil-limited-edition\/","url":"https:\/\/luzdealba.seoriginaldev.es\/en\/producto\/organic-arbequina-extra-virgin-olive-oil-limited-edition\/","name":"Organic Arbequina Extra Virgin Olive Oil - Limited Edition - Luz de Alba","isPartOf":{"@id":"https:\/\/luzdealba.seoriginaldev.es\/#website"},"primaryImageOfPage":{"@id":"https:\/\/luzdealba.seoriginaldev.es\/en\/producto\/organic-arbequina-extra-virgin-olive-oil-limited-edition\/#primaryimage"},"image":{"@id":"https:\/\/luzdealba.seoriginaldev.es\/en\/producto\/organic-arbequina-extra-virgin-olive-oil-limited-edition\/#primaryimage"},"thumbnailUrl":"https:\/\/luzdealba.seoriginaldev.es\/wp-content\/uploads\/2026\/01\/7-scaled.png","datePublished":"2026-01-15T15:04:21+00:00","breadcrumb":{"@id":"https:\/\/luzdealba.seoriginaldev.es\/en\/producto\/organic-arbequina-extra-virgin-olive-oil-limited-edition\/#breadcrumb"},"inLanguage":"en-US","potentialAction":[{"@type":"ReadAction","target":["https:\/\/luzdealba.seoriginaldev.es\/en\/producto\/organic-arbequina-extra-virgin-olive-oil-limited-edition\/"]}]},{"@type":"ImageObject","inLanguage":"en-US","@id":"https:\/\/luzdealba.seoriginaldev.es\/en\/producto\/organic-arbequina-extra-virgin-olive-oil-limited-edition\/#primaryimage","url":"https:\/\/luzdealba.seoriginaldev.es\/wp-content\/uploads\/2026\/01\/7-scaled.png","contentUrl":"https:\/\/luzdealba.seoriginaldev.es\/wp-content\/uploads\/2026\/01\/7-scaled.png","width":1722,"height":2560},{"@type":"BreadcrumbList","@id":"https:\/\/luzdealba.seoriginaldev.es\/en\/producto\/organic-arbequina-extra-virgin-olive-oil-limited-edition\/#breadcrumb","itemListElement":[{"@type":"ListItem","position":1,"name":"Portada","item":"https:\/\/luzdealba.seoriginaldev.es\/en\/home\/"},{"@type":"ListItem","position":2,"name":"Shop","item":"https:\/\/luzdealba.seoriginaldev.es\/en\/shop\/"},{"@type":"ListItem","position":3,"name":"Organic Arbequina Extra Virgin Olive Oil &#8211; Limited Edition"}]},{"@type":"WebSite","@id":"https:\/\/luzdealba.seoriginaldev.es\/#website","url":"https:\/\/luzdealba.seoriginaldev.es\/","name":"Luz de Alba","description":"","publisher":{"@id":"https:\/\/luzdealba.seoriginaldev.es\/#organization"},"potentialAction":[{"@type":"SearchAction","target":{"@type":"EntryPoint","urlTemplate":"https:\/\/luzdealba.seoriginaldev.es\/?s={search_term_string}"},"query-input":{"@type":"PropertyValueSpecification","valueRequired":true,"valueName":"search_term_string"}}],"inLanguage":"en-US"},{"@type":"Organization","@id":"https:\/\/luzdealba.seoriginaldev.es\/#organization","name":"Luz de Alba","url":"https:\/\/luzdealba.seoriginaldev.es\/","logo":{"@type":"ImageObject","inLanguage":"en-US","@id":"https:\/\/luzdealba.seoriginaldev.es\/#\/schema\/logo\/image\/","url":"https:\/\/luzdealba.seoriginaldev.es\/wp-content\/uploads\/2025\/12\/cropped-COLOR.webp","contentUrl":"https:\/\/luzdealba.seoriginaldev.es\/wp-content\/uploads\/2025\/12\/cropped-COLOR.webp","width":460,"height":448,"caption":"Luz de Alba"},"image":{"@id":"https:\/\/luzdealba.seoriginaldev.es\/#\/schema\/logo\/image\/"}}]}},"_links":{"self":[{"href":"https:\/\/luzdealba.seoriginaldev.es\/en\/wp-json\/wp\/v2\/product\/2202","targetHints":{"allow":["GET"]}}],"collection":[{"href":"https:\/\/luzdealba.seoriginaldev.es\/en\/wp-json\/wp\/v2\/product"}],"about":[{"href":"https:\/\/luzdealba.seoriginaldev.es\/en\/wp-json\/wp\/v2\/types\/product"}],"replies":[{"embeddable":true,"href":"https:\/\/luzdealba.seoriginaldev.es\/en\/wp-json\/wp\/v2\/comments?post=2202"}],"wp:featuredmedia":[{"embeddable":true,"href":"https:\/\/luzdealba.seoriginaldev.es\/en\/wp-json\/wp\/v2\/media\/1385"}],"wp:attachment":[{"href":"https:\/\/luzdealba.seoriginaldev.es\/en\/wp-json\/wp\/v2\/media?parent=2202"}],"wp:term":[{"taxonomy":"product_brand","embeddable":true,"href":"https:\/\/luzdealba.seoriginaldev.es\/en\/wp-json\/wp\/v2\/product_brand?post=2202"},{"taxonomy":"product_cat","embeddable":true,"href":"https:\/\/luzdealba.seoriginaldev.es\/en\/wp-json\/wp\/v2\/product_cat?post=2202"},{"taxonomy":"product_tag","embeddable":true,"href":"https:\/\/luzdealba.seoriginaldev.es\/en\/wp-json\/wp\/v2\/product_tag?post=2202"}],"curies":[{"name":"wp","href":"https:\/\/api.w.org\/{rel}","templated":true}]}}